{"id":4355,"date":"2023-05-03T13:05:51","date_gmt":"2023-05-03T11:05:51","guid":{"rendered":"https:\/\/zeichensetzen-online.de\/?page_id=4355"},"modified":"2024-10-02T14:45:08","modified_gmt":"2024-10-02T12:45:08","slug":"kofo-essen","status":"publish","type":"page","link":"https:\/\/zeichensetzen-online.de\/index.php\/kofo-essen\/","title":{"rendered":"Was ist das Kofo Essen?"},"content":{"rendered":"\t\t<div data-elementor-type=\"wp-page\" data-elementor-id=\"4355\" class=\"elementor elementor-4355\">\n\t\t\t\t\t\t<section class=\"penci-section penci-disSticky penci-structure-40 elementor-section elementor-top-section elementor-element elementor-element-60eb884 elementor-section-boxed elementor-section-height-default elementor-section-height-default\" data-id=\"60eb884\" data-element_type=\"section\" data-e-type=\"section\">\n\t\t\t\t\t\t<div class=\"elementor-container elementor-column-gap-default\">\n\t\t\t\t\t<div class=\"penci-ercol-25 penci-ercol-order-1 penci-sticky-sb penci-sidebarSC   elementor-column elementor-col-25 elementor-top-column elementor-element elementor-element-12fa773\" data-id=\"12fa773\" data-element_type=\"column\" data-e-type=\"column\">\n\t\t\t<div class=\"elementor-widget-wrap\">\n\t\t\t\t\t\t\t<\/div>\n\t\t<\/div>\n\t\t\t\t<div class=\"penci-ercol-25 penci-ercol-order-2 penci-sticky-sb penci-sidebarSC   elementor-column elementor-col-25 elementor-top-column elementor-element elementor-element-a4ed0ba\" data-id=\"a4ed0ba\" data-element_type=\"column\" data-e-type=\"column\">\n\t\t\t<div class=\"elementor-widget-wrap\">\n\t\t\t\t\t\t\t<\/div>\n\t\t<\/div>\n\t\t\t\t<div class=\"penci-ercol-25 penci-ercol-order-3 penci-sticky-sb penci-sidebarSC   elementor-column elementor-col-25 elementor-top-column elementor-element elementor-element-8e19187\" data-id=\"8e19187\" data-element_type=\"column\" data-e-type=\"column\">\n\t\t\t<div class=\"elementor-widget-wrap\">\n\t\t\t\t\t\t\t<\/div>\n\t\t<\/div>\n\t\t\t\t<div class=\"penci-ercol-25 penci-ercol-order-4 penci-sticky-sb penci-sidebarSC   elementor-column elementor-col-25 elementor-top-column elementor-element elementor-element-822f19c\" data-id=\"822f19c\" data-element_type=\"column\" data-e-type=\"column\">\n\t\t\t<div class=\"elementor-widget-wrap elementor-element-populated\">\n\t\t\t\t\t\t<div class=\"elementor-element elementor-element-c5fa4c0 elementor-widget__width-initial elementor-widget elementor-widget-image\" data-id=\"c5fa4c0\" data-element_type=\"widget\" data-e-type=\"widget\" data-widget_type=\"image.default\">\n\t\t\t\t\t\t\t\t\t\t\t\t\t\t\t<img decoding=\"async\" width=\"177\" height=\"89\" src=\"https:\/\/zeichensetzen-online.de\/wp-content\/uploads\/2023\/04\/Logo-Kofo.svg\" class=\"attachment-large size-large wp-image-3296\" alt=\"\" \/>\t\t\t\t\t\t\t\t\t\t\t\t\t\t\t<\/div>\n\t\t\t\t\t<\/div>\n\t\t<\/div>\n\t\t\t\t\t<\/div>\n\t\t<\/section>\n\t\t\t\t<section class=\"penci-section penci-disSticky penci-structure-10 elementor-section elementor-top-section elementor-element elementor-element-97fa029 elementor-section-boxed elementor-section-height-default elementor-section-height-default\" data-id=\"97fa029\" data-element_type=\"section\" data-e-type=\"section\">\n\t\t\t\t\t\t<div class=\"elementor-container elementor-column-gap-default\">\n\t\t\t\t\t<div class=\"penci-ercol-100 penci-ercol-order-1 penci-sticky-ct    elementor-column elementor-col-100 elementor-top-column elementor-element elementor-element-85f4476\" data-id=\"85f4476\" data-element_type=\"column\" data-e-type=\"column\">\n\t\t\t<div class=\"elementor-widget-wrap elementor-element-populated\">\n\t\t\t\t\t\t<div class=\"elementor-element elementor-element-4195490 elementor-widget elementor-widget-text-editor\" data-id=\"4195490\" data-element_type=\"widget\" data-e-type=\"widget\" data-widget_type=\"text-editor.default\">\n\t\t\t\t\t\t\t\t\t<h1 style=\"font-weight: var(--pchead-wei); font-family: var(--pchead-font); letter-spacing: normal; text-align: center;\">Kommunikationsforum Essen<\/h1>\t\t\t\t\t\t\t\t<\/div>\n\t\t\t\t\t<\/div>\n\t\t<\/div>\n\t\t\t\t\t<\/div>\n\t\t<\/section>\n\t\t\t\t<section class=\"penci-section penci-disSticky penci-structure-10 elementor-section elementor-top-section elementor-element elementor-element-53111b4 elementor-section-boxed elementor-section-height-default elementor-section-height-default\" data-id=\"53111b4\" data-element_type=\"section\" data-e-type=\"section\">\n\t\t\t\t\t\t<div class=\"elementor-container elementor-column-gap-default\">\n\t\t\t\t\t<div class=\"penci-ercol-100 penci-ercol-order-1 penci-sticky-ct    elementor-column elementor-col-100 elementor-top-column elementor-element elementor-element-e7f50fe\" data-id=\"e7f50fe\" data-element_type=\"column\" data-e-type=\"column\">\n\t\t\t<div class=\"elementor-widget-wrap elementor-element-populated\">\n\t\t\t\t\t\t<div class=\"elementor-element elementor-element-1619ed7 elementor-widget elementor-widget-text-editor\" data-id=\"1619ed7\" data-element_type=\"widget\" data-e-type=\"widget\" data-widget_type=\"text-editor.default\">\n\t\t\t\t\t\t\t\t\t<p><span style=\"color: inherit; font-family: inherit; font-size: inherit; font-weight: inherit; text-align: inherit;\">Seit 1994 referieren im Kofo Essen monatlich (au\u00dferhalb der Schulferien) h\u00f6rbehinderte und h\u00f6rende Referenten zu aktuellen und wichtigen Themen aus den Bereichen Gesundheit, Politik und Kultur.<\/span><\/p><p>H\u00f6rbehinderte Menschen haben wenig M\u00f6glichkeiten, an \u00f6ffentlichen Informations- und Diskussionsveranstaltungen teilzunehmen, da sie in der Regel auf Dolmetscher und gut funktionierende H\u00f6ranlagen angewiesen sind.\u00a0<\/p><p>Ziel unserer Veranstaltungsreihe ist eine barrierefreie Information und Diskussion f\u00fcr geh\u00f6rlose, schwerh\u00f6rige und\u00a0<span style=\"color: inherit; font-family: inherit; font-size: inherit; font-weight: inherit; text-align: inherit;\">h\u00f6rende Interessenten. Deshalb finden alle Veranstaltungen mit Geb\u00e4rdensprachdolmetschenden und Schriftdolmetschenden statt, eine Induktionsanlage f\u00fcr H\u00f6rger\u00e4tetr\u00e4ger*innen ist ausgelegt.<\/span><\/p><p><span style=\"color: inherit; font-family: inherit; font-size: inherit; font-weight: inherit; text-align: inherit;\">Die Veranstaltungen werden deshalb gut besucht und haben sich zu einem wichtigen Forum des Informations- und Meinungsaustausches h\u00f6rbehinderter Menschen in Essen und Umgebung entwickelt.<\/span><\/p><p><span style=\"color: inherit; font-family: inherit; font-size: inherit; font-weight: inherit; text-align: inherit;\">Der Eintritt zu den Veranstaltungen ist frei.<\/span><\/p><p><span style=\"color: inherit; font-family: inherit; font-size: inherit; font-weight: inherit; text-align: inherit;\">Auf unserer Webseite werden die Veranstaltungen angek\u00fcndigt und anschlie\u00dfend mit einem Fotobericht\u00a0<\/span><span style=\"color: inherit; font-family: inherit; font-size: inherit; font-weight: inherit; text-align: inherit;\">dokumentiert. So besteht die M\u00f6glichkeit, Wichtiges nachzulesen und weiterf\u00fchrende Informationen zu erhalten.<\/span><\/p><p><span style=\"color: inherit; font-family: inherit; font-size: inherit; font-weight: inherit; text-align: inherit;\">Mehrere Institutionen und Vereine engagieren sich im Kofo-Team: das Internat f\u00fcr H\u00f6rgesch\u00e4digte, der F\u00f6rderverein\u00a0<\/span><span style=\"color: inherit; font-family: inherit; font-size: inherit; font-weight: inherit; text-align: inherit;\">\u201eZeichen setzen!\u201c \u2013 Geh\u00f6rlosenkultur in Essen e.V., das Rheinisch &#8211; Westf\u00e4lische Berufskolleg Essen und das Bildungszentrum f\u00fcr H\u00f6rgesch\u00e4digte.<\/span><\/p><p>Unterst\u00fctzt wird unsere Arbeit auch von der Katholischen Erwachsenen- und Familienbildung im Bistum Essen, vom Landschaftsverband Rheinland, von der Projektf\u00f6rderung der Krankenkassen, von Stiftungen der Stadt Essen und der Sparkasse Essen.<\/p>\t\t\t\t\t\t\t\t<\/div>\n\t\t\t\t\t<\/div>\n\t\t<\/div>\n\t\t\t\t\t<\/div>\n\t\t<\/section>\n\t\t\t\t<section class=\"penci-section penci-disSticky penci-structure-10 elementor-section elementor-top-section elementor-element elementor-element-027ff37 elementor-section-boxed elementor-section-height-default elementor-section-height-default\" data-id=\"027ff37\" data-element_type=\"section\" data-e-type=\"section\">\n\t\t\t\t\t\t<div class=\"elementor-container elementor-column-gap-default\">\n\t\t\t\t\t<div class=\"penci-ercol-100 penci-ercol-order-1 penci-sticky-ct    elementor-column elementor-col-100 elementor-top-column elementor-element elementor-element-118ed76\" data-id=\"118ed76\" data-element_type=\"column\" data-e-type=\"column\">\n\t\t\t<div class=\"elementor-widget-wrap elementor-element-populated\">\n\t\t\t\t\t\t<div class=\"elementor-element elementor-element-262745a elementor-widget elementor-widget-google_maps\" data-id=\"262745a\" data-element_type=\"widget\" data-e-type=\"widget\" data-widget_type=\"google_maps.default\">\n\t\t\t\t\t\t\t<div class=\"elementor-custom-embed\">\n\t\t\t<iframe loading=\"lazy\"\n\t\t\t\t\tsrc=\"https:\/\/maps.google.com\/maps?q=Curtiusstra%C3%9Fe%204%2C%2045144%20Essen&#038;t=m&#038;z=17&#038;output=embed&#038;iwloc=near\"\n\t\t\t\t\ttitle=\"Curtiusstra\u00dfe 4, 45144 Essen\"\n\t\t\t\t\taria-label=\"Curtiusstra\u00dfe 4, 45144 Essen\"\n\t\t\t><\/iframe>\n\t\t<\/div>\n\t\t\t\t\t\t<\/div>\n\t\t\t\t\t<\/div>\n\t\t<\/div>\n\t\t\t\t\t<\/div>\n\t\t<\/section>\n\t\t\t\t<\/div>\n\t\t","protected":false},"excerpt":{"rendered":"<p>Kommunikationsforum Essen Seit 1994 referieren im Kofo Essen monatlich (au\u00dferhalb der Schulferien) h\u00f6rbehinderte und h\u00f6rende Referenten zu aktuellen und wichtigen Themen aus den Bereichen Gesundheit, Politik und Kultur. H\u00f6rbehinderte Menschen&hellip;<\/p>\n","protected":false},"author":1,"featured_media":0,"parent":0,"menu_order":0,"comment_status":"closed","ping_status":"closed","template":"","meta":{"content-type":"","_lmt_disableupdate":"","_lmt_disable":"","_themeisle_gutenberg_block_has_review":false,"footnotes":""},"class_list":["post-4355","page","type-page","status-publish","hentry"],"aioseo_notices":[],"_links":{"self":[{"href":"https:\/\/zeichensetzen-online.de\/index.php\/wp-json\/wp\/v2\/pages\/4355","targetHints":{"allow":["GET"]}}],"collection":[{"href":"https:\/\/zeichensetzen-online.de\/index.php\/wp-json\/wp\/v2\/pages"}],"about":[{"href":"https:\/\/zeichensetzen-online.de\/index.php\/wp-json\/wp\/v2\/types\/page"}],"author":[{"embeddable":true,"href":"https:\/\/zeichensetzen-online.de\/index.php\/wp-json\/wp\/v2\/users\/1"}],"replies":[{"embeddable":true,"href":"https:\/\/zeichensetzen-online.de\/index.php\/wp-json\/wp\/v2\/comments?post=4355"}],"version-history":[{"count":18,"href":"https:\/\/zeichensetzen-online.de\/index.php\/wp-json\/wp\/v2\/pages\/4355\/revisions"}],"predecessor-version":[{"id":4940,"href":"https:\/\/zeichensetzen-online.de\/index.php\/wp-json\/wp\/v2\/pages\/4355\/revisions\/4940"}],"wp:attachment":[{"href":"https:\/\/zeichensetzen-online.de\/index.php\/wp-json\/wp\/v2\/media?parent=4355"}],"curies":[{"name":"wp","href":"https:\/\/api.w.org\/{rel}","templated":true}]}}