{"id":4348,"date":"2023-05-03T12:57:51","date_gmt":"2023-05-03T10:57:51","guid":{"rendered":"https:\/\/zeichensetzen-online.de\/?page_id=4348"},"modified":"2023-05-03T20:40:08","modified_gmt":"2023-05-03T18:40:08","slug":"spende","status":"publish","type":"page","link":"https:\/\/zeichensetzen-online.de\/index.php\/spende\/","title":{"rendered":"Spende"},"content":{"rendered":"\t\t<div data-elementor-type=\"wp-page\" data-elementor-id=\"4348\" class=\"elementor elementor-4348\">\n\t\t\t\t\t\t<section class=\"penci-section penci-disSticky penci-structure-10 elementor-section elementor-top-section elementor-element elementor-element-86af7b9 elementor-section-boxed elementor-section-height-default elementor-section-height-default\" data-id=\"86af7b9\" data-element_type=\"section\" data-e-type=\"section\">\n\t\t\t\t\t\t<div class=\"elementor-container elementor-column-gap-default\">\n\t\t\t\t\t<div class=\"penci-ercol-100 penci-ercol-order-1 penci-sticky-ct    elementor-column elementor-col-100 elementor-top-column elementor-element elementor-element-0c98873\" data-id=\"0c98873\" data-element_type=\"column\" data-e-type=\"column\">\n\t\t\t<div class=\"elementor-widget-wrap elementor-element-populated\">\n\t\t\t\t\t\t<div class=\"elementor-element elementor-element-21cb3f9 elementor-widget elementor-widget-text-editor\" data-id=\"21cb3f9\" data-element_type=\"widget\" data-e-type=\"widget\" data-widget_type=\"text-editor.default\">\n\t\t\t\t\t\t\t\t\t<h1 style=\"text-align: center;\">Unsere Projekte\u00a0 \u00a0 \u00a0 \u00a0\u2013\u00a0 \u00a0 \u00a0 \u00a0 Ihre Spende<\/h1>\t\t\t\t\t\t\t\t<\/div>\n\t\t\t\t\t<\/div>\n\t\t<\/div>\n\t\t\t\t\t<\/div>\n\t\t<\/section>\n\t\t\t\t<section class=\"penci-section penci-disSticky penci-structure-10 elementor-section elementor-top-section elementor-element elementor-element-a42d40b elementor-section-boxed elementor-section-height-default elementor-section-height-default\" data-id=\"a42d40b\" data-element_type=\"section\" data-e-type=\"section\">\n\t\t\t\t\t\t<div class=\"elementor-container elementor-column-gap-default\">\n\t\t\t\t\t<div class=\"penci-ercol-100 penci-ercol-order-1 penci-sticky-ct    elementor-column elementor-col-100 elementor-top-column elementor-element elementor-element-bb60167\" data-id=\"bb60167\" data-element_type=\"column\" data-e-type=\"column\">\n\t\t\t<div class=\"elementor-widget-wrap elementor-element-populated\">\n\t\t\t\t\t\t<div class=\"elementor-element elementor-element-83f1ae6 elementor-widget elementor-widget-text-editor\" data-id=\"83f1ae6\" data-element_type=\"widget\" data-e-type=\"widget\" data-widget_type=\"text-editor.default\">\n\t\t\t\t\t\t\t\t\t<p><span style=\"color: inherit; font-family: inherit; font-size: inherit; font-weight: inherit; text-align: inherit;\">Der F\u00f6rderverein \u201eZeichen setzen!\u201c \u2013 Geh\u00f6rlosenkultur in Essen e.V. finanziert sich aus Mitgliedsbeitr\u00e4gen, Zuwendungen und Spenden. F\u00fcr die Durchf\u00fchrung unserer vielf\u00e4ltigen Aufgaben sind wir dringend auf Ihre finanzielle Unterst\u00fctzung angewiesen.<\/span><\/p><p><b>Spendenkonto:<br \/><\/b><span style=\"color: inherit; font-family: inherit; font-size: inherit; text-align: inherit;\"><b>F\u00f6rderverein<\/b><br \/><\/span><span style=\"color: inherit; font-family: inherit; font-size: inherit; text-align: inherit;\"><b>\u201e<\/b><\/span><span style=\"color: inherit; font-family: inherit; font-size: inherit; text-align: inherit;\"><b>Zeichen setzen!\u201c \u2013 Geh\u00f6rlosenkultur in Essen e.V.<\/b><br \/><\/span><span style=\"color: inherit; font-family: inherit; font-size: inherit; font-weight: inherit; text-align: inherit;\">Sparkasse Essen, IBAN: DE77 3605 0105 0000 2568 18<br \/><\/span><span style=\"color: inherit; font-family: inherit; font-size: inherit; font-weight: inherit; text-align: inherit;\">(Als Verwendungszweck bitte \u201eSpende&#8221; und bitte auch Name und Adresse eintragen.)<\/span><\/p><p>\u00a0<span style=\"color: inherit; font-family: inherit; font-size: inherit; font-weight: inherit; text-align: inherit;\">Der F\u00f6rderverein \u201eZeichen setzen!\u201c Geh\u00f6rlosenkultur in Essen e.V. ist durch das Finanzamt Essen-S\u00fcd als ausschlie\u00dflich und unmittelbar gemeinn\u00fctzigen Zwecken dienend anerkannt. Die F\u00f6rderung dieser Zwecke, insbesondere der F\u00fcrsorge f\u00fcr Behinderte, gilt als besonders f\u00f6rderungsw\u00fcrdig. Die Ausstellung einer Spendenbescheinigung erfolgt auf\u00a0<\/span><span style=\"color: inherit; font-family: inherit; font-size: inherit; font-weight: inherit; text-align: inherit;\">Wunsch.<\/span><\/p>\t\t\t\t\t\t\t\t<\/div>\n\t\t\t\t\t<\/div>\n\t\t<\/div>\n\t\t\t\t\t<\/div>\n\t\t<\/section>\n\t\t\t\t<section class=\"penci-section penci-disSticky penci-structure-10 elementor-section elementor-top-section elementor-element elementor-element-22e5b73 elementor-section-boxed elementor-section-height-default elementor-section-height-default\" data-id=\"22e5b73\" data-element_type=\"section\" data-e-type=\"section\">\n\t\t\t\t\t\t<div class=\"elementor-container elementor-column-gap-default\">\n\t\t\t\t\t<div class=\"penci-ercol-100 penci-ercol-order-1 penci-sticky-ct    elementor-column elementor-col-100 elementor-top-column elementor-element elementor-element-6354b18\" data-id=\"6354b18\" data-element_type=\"column\" data-e-type=\"column\">\n\t\t\t<div class=\"elementor-widget-wrap elementor-element-populated\">\n\t\t\t\t\t\t<div class=\"elementor-element elementor-element-16446a4 elementor-widget elementor-widget-text-editor\" data-id=\"16446a4\" data-element_type=\"widget\" data-e-type=\"widget\" data-widget_type=\"text-editor.default\">\n\t\t\t\t\t\t\t\t\t<h1 style=\"text-align: center;\">Vielen Dank f\u00fcr Ihre Unterst\u00fctzung!<\/h1>\t\t\t\t\t\t\t\t<\/div>\n\t\t\t\t\t<\/div>\n\t\t<\/div>\n\t\t\t\t\t<\/div>\n\t\t<\/section>\n\t\t\t\t<\/div>\n\t\t","protected":false},"excerpt":{"rendered":"<p>Unsere Projekte\u00a0 \u00a0 \u00a0 \u00a0\u2013\u00a0 \u00a0 \u00a0 \u00a0 Ihre Spende Der F\u00f6rderverein \u201eZeichen setzen!\u201c \u2013 Geh\u00f6rlosenkultur in Essen e.V. finanziert sich aus Mitgliedsbeitr\u00e4gen, Zuwendungen und Spenden. F\u00fcr die Durchf\u00fchrung unserer&hellip;<\/p>\n","protected":false},"author":1,"featured_media":0,"parent":0,"menu_order":0,"comment_status":"closed","ping_status":"closed","template":"","meta":{"content-type":"","_lmt_disableupdate":"","_lmt_disable":"","_themeisle_gutenberg_block_has_review":false,"footnotes":""},"class_list":["post-4348","page","type-page","status-publish","hentry"],"aioseo_notices":[],"_links":{"self":[{"href":"https:\/\/zeichensetzen-online.de\/index.php\/wp-json\/wp\/v2\/pages\/4348","targetHints":{"allow":["GET"]}}],"collection":[{"href":"https:\/\/zeichensetzen-online.de\/index.php\/wp-json\/wp\/v2\/pages"}],"about":[{"href":"https:\/\/zeichensetzen-online.de\/index.php\/wp-json\/wp\/v2\/types\/page"}],"author":[{"embeddable":true,"href":"https:\/\/zeichensetzen-online.de\/index.php\/wp-json\/wp\/v2\/users\/1"}],"replies":[{"embeddable":true,"href":"https:\/\/zeichensetzen-online.de\/index.php\/wp-json\/wp\/v2\/comments?post=4348"}],"version-history":[{"count":19,"href":"https:\/\/zeichensetzen-online.de\/index.php\/wp-json\/wp\/v2\/pages\/4348\/revisions"}],"predecessor-version":[{"id":4444,"href":"https:\/\/zeichensetzen-online.de\/index.php\/wp-json\/wp\/v2\/pages\/4348\/revisions\/4444"}],"wp:attachment":[{"href":"https:\/\/zeichensetzen-online.de\/index.php\/wp-json\/wp\/v2\/media?parent=4348"}],"curies":[{"name":"wp","href":"https:\/\/api.w.org\/{rel}","templated":true}]}}